{"id":18,"date":"2018-07-31T10:19:55","date_gmt":"2018-07-31T12:19:55","guid":{"rendered":"http:\/\/aletra.lt\/?page_id=18"},"modified":"2026-03-28T10:48:21","modified_gmt":"2026-03-28T12:48:21","slug":"produkcija","status":"publish","type":"page","link":"https:\/\/aletra.lt\/en\/produkcija\/","title":{"rendered":"Production"},"content":{"rendered":"","protected":false},"excerpt":{"rendered":"","protected":false},"author":1,"featured_media":0,"parent":0,"menu_order":6,"comment_status":"closed","ping_status":"closed","template":"produkcija.php","meta":{"footnotes":""},"class_list":["post-18","page","type-page","status-publish","hentry"],"yoast_head":"<!-- This site is optimized with the Yoast SEO plugin v27.2 - https:\/\/yoast.com\/product\/yoast-seo-wordpress\/ -->\n<title>Production - Aletra<\/title>\n<meta name=\"description\" content=\"Pramoninio \u0161ildymo \u012franga: dujiniai kaloriferiai, oro u\u017euolaidos, spinduliniai \u0161ildytuvai, konvektoriai ir sprendimai efektyviam patalp\u0173 \u0161ildymui.\" \/>\n<meta name=\"robots\" content=\"index, follow, max-snippet:-1, max-image-preview:large, max-video-preview:-1\" \/>\n<link rel=\"canonical\" href=\"https:\/\/aletra.lt\/produkcija\/\" \/>\n<meta property=\"og:locale\" content=\"en_US\" \/>\n<meta property=\"og:type\" content=\"article\" \/>\n<meta property=\"og:title\" content=\"[:lt]Produktai[:en]Production[:] - Aletra\" \/>\n<meta property=\"og:description\" content=\"Pramoninio \u0161ildymo \u012franga: dujiniai kaloriferiai, oro u\u017euolaidos, spinduliniai \u0161ildytuvai, konvektoriai ir sprendimai efektyviam patalp\u0173 \u0161ildymui.\" \/>\n<meta property=\"og:url\" content=\"https:\/\/aletra.lt\/produkcija\/\" \/>\n<meta property=\"og:site_name\" content=\"Aletra\" \/>\n<meta property=\"article:publisher\" content=\"https:\/\/www.facebook.com\/aletra.lt\/\" \/>\n<meta property=\"article:modified_time\" content=\"2026-03-28T12:48:21+00:00\" \/>\n<meta name=\"twitter:card\" content=\"summary_large_image\" \/>\n<script type=\"application\/ld+json\" class=\"yoast-schema-graph\">{\"@context\":\"https:\/\/schema.org\",\"@graph\":[{\"@type\":\"WebPage\",\"@id\":\"https:\/\/aletra.lt\/produkcija\/\",\"url\":\"https:\/\/aletra.lt\/produkcija\/\",\"name\":\"[:lt]Produktai[:en]Production[:] - Aletra\",\"isPartOf\":{\"@id\":\"https:\/\/aletra.lt\/#website\"},\"datePublished\":\"2018-07-31T12:19:55+00:00\",\"dateModified\":\"2026-03-28T12:48:21+00:00\",\"description\":\"Pramoninio \u0161ildymo \u012franga: dujiniai kaloriferiai, oro u\u017euolaidos, spinduliniai \u0161ildytuvai, konvektoriai ir sprendimai efektyviam patalp\u0173 \u0161ildymui.\",\"breadcrumb\":{\"@id\":\"https:\/\/aletra.lt\/produkcija\/#breadcrumb\"},\"inLanguage\":\"en-US\",\"potentialAction\":[{\"@type\":\"ReadAction\",\"target\":[\"https:\/\/aletra.lt\/produkcija\/\"]}]},{\"@type\":\"BreadcrumbList\",\"@id\":\"https:\/\/aletra.lt\/produkcija\/#breadcrumb\",\"itemListElement\":[{\"@type\":\"ListItem\",\"position\":1,\"name\":\"Pagrindinis\",\"item\":\"https:\/\/aletra.lt\/\"},{\"@type\":\"ListItem\",\"position\":2,\"name\":\"Produktai\"}]},{\"@type\":\"WebSite\",\"@id\":\"https:\/\/aletra.lt\/#website\",\"url\":\"https:\/\/aletra.lt\/\",\"name\":\"Aletra\",\"description\":\"\",\"publisher\":{\"@id\":\"https:\/\/aletra.lt\/#organization\"},\"potentialAction\":[{\"@type\":\"SearchAction\",\"target\":{\"@type\":\"EntryPoint\",\"urlTemplate\":\"https:\/\/aletra.lt\/?s={search_term_string}\"},\"query-input\":{\"@type\":\"PropertyValueSpecification\",\"valueRequired\":true,\"valueName\":\"search_term_string\"}}],\"inLanguage\":\"en-US\"},{\"@type\":\"Organization\",\"@id\":\"https:\/\/aletra.lt\/#organization\",\"name\":\"Aletra\",\"url\":\"https:\/\/aletra.lt\/\",\"logo\":{\"@type\":\"ImageObject\",\"inLanguage\":\"en-US\",\"@id\":\"https:\/\/aletra.lt\/#\/schema\/logo\/image\/\",\"url\":\"https:\/\/aletra.lt\/wp-content\/uploads\/2026\/03\/cropped-aletra-favicon.png\",\"contentUrl\":\"https:\/\/aletra.lt\/wp-content\/uploads\/2026\/03\/cropped-aletra-favicon.png\",\"width\":512,\"height\":512,\"caption\":\"Aletra\"},\"image\":{\"@id\":\"https:\/\/aletra.lt\/#\/schema\/logo\/image\/\"},\"sameAs\":[\"https:\/\/www.facebook.com\/aletra.lt\/\"]}]}<\/script>\n<!-- \/ Yoast SEO plugin. -->","yoast_head_json":{"title":"[:lt]Produktai[:en]Production[:] - Aletra","description":"Pramoninio \u0161ildymo \u012franga: dujiniai kaloriferiai, oro u\u017euolaidos, spinduliniai \u0161ildytuvai, konvektoriai ir sprendimai efektyviam patalp\u0173 \u0161ildymui.","robots":{"index":"index","follow":"follow","max-snippet":"max-snippet:-1","max-image-preview":"max-image-preview:large","max-video-preview":"max-video-preview:-1"},"canonical":"https:\/\/aletra.lt\/produkcija\/","og_locale":"en_US","og_type":"article","og_title":"[:lt]Produktai[:en]Production[:] - Aletra","og_description":"Pramoninio \u0161ildymo \u012franga: dujiniai kaloriferiai, oro u\u017euolaidos, spinduliniai \u0161ildytuvai, konvektoriai ir sprendimai efektyviam patalp\u0173 \u0161ildymui.","og_url":"https:\/\/aletra.lt\/produkcija\/","og_site_name":"Aletra","article_publisher":"https:\/\/www.facebook.com\/aletra.lt\/","article_modified_time":"2026-03-28T12:48:21+00:00","twitter_card":"summary_large_image","schema":{"@context":"https:\/\/schema.org","@graph":[{"@type":"WebPage","@id":"https:\/\/aletra.lt\/produkcija\/","url":"https:\/\/aletra.lt\/produkcija\/","name":"[:lt]Produktai[:en]Production[:] - Aletra","isPartOf":{"@id":"https:\/\/aletra.lt\/#website"},"datePublished":"2018-07-31T12:19:55+00:00","dateModified":"2026-03-28T12:48:21+00:00","description":"Pramoninio \u0161ildymo \u012franga: dujiniai kaloriferiai, oro u\u017euolaidos, spinduliniai \u0161ildytuvai, konvektoriai ir sprendimai efektyviam patalp\u0173 \u0161ildymui.","breadcrumb":{"@id":"https:\/\/aletra.lt\/produkcija\/#breadcrumb"},"inLanguage":"en-US","potentialAction":[{"@type":"ReadAction","target":["https:\/\/aletra.lt\/produkcija\/"]}]},{"@type":"BreadcrumbList","@id":"https:\/\/aletra.lt\/produkcija\/#breadcrumb","itemListElement":[{"@type":"ListItem","position":1,"name":"Pagrindinis","item":"https:\/\/aletra.lt\/"},{"@type":"ListItem","position":2,"name":"Produktai"}]},{"@type":"WebSite","@id":"https:\/\/aletra.lt\/#website","url":"https:\/\/aletra.lt\/","name":"Aletra","description":"","publisher":{"@id":"https:\/\/aletra.lt\/#organization"},"potentialAction":[{"@type":"SearchAction","target":{"@type":"EntryPoint","urlTemplate":"https:\/\/aletra.lt\/?s={search_term_string}"},"query-input":{"@type":"PropertyValueSpecification","valueRequired":true,"valueName":"search_term_string"}}],"inLanguage":"en-US"},{"@type":"Organization","@id":"https:\/\/aletra.lt\/#organization","name":"Aletra","url":"https:\/\/aletra.lt\/","logo":{"@type":"ImageObject","inLanguage":"en-US","@id":"https:\/\/aletra.lt\/#\/schema\/logo\/image\/","url":"https:\/\/aletra.lt\/wp-content\/uploads\/2026\/03\/cropped-aletra-favicon.png","contentUrl":"https:\/\/aletra.lt\/wp-content\/uploads\/2026\/03\/cropped-aletra-favicon.png","width":512,"height":512,"caption":"Aletra"},"image":{"@id":"https:\/\/aletra.lt\/#\/schema\/logo\/image\/"},"sameAs":["https:\/\/www.facebook.com\/aletra.lt\/"]}]}},"_links":{"self":[{"href":"https:\/\/aletra.lt\/en\/wp-json\/wp\/v2\/pages\/18","targetHints":{"allow":["GET"]}}],"collection":[{"href":"https:\/\/aletra.lt\/en\/wp-json\/wp\/v2\/pages"}],"about":[{"href":"https:\/\/aletra.lt\/en\/wp-json\/wp\/v2\/types\/page"}],"author":[{"embeddable":true,"href":"https:\/\/aletra.lt\/en\/wp-json\/wp\/v2\/users\/1"}],"replies":[{"embeddable":true,"href":"https:\/\/aletra.lt\/en\/wp-json\/wp\/v2\/comments?post=18"}],"version-history":[{"count":3,"href":"https:\/\/aletra.lt\/en\/wp-json\/wp\/v2\/pages\/18\/revisions"}],"predecessor-version":[{"id":785,"href":"https:\/\/aletra.lt\/en\/wp-json\/wp\/v2\/pages\/18\/revisions\/785"}],"wp:attachment":[{"href":"https:\/\/aletra.lt\/en\/wp-json\/wp\/v2\/media?parent=18"}],"curies":[{"name":"wp","href":"https:\/\/api.w.org\/{rel}","templated":true}]}}