{"id":5,"date":"2018-07-31T09:37:07","date_gmt":"2018-07-31T11:37:07","guid":{"rendered":"http:\/\/aletra.lt\/front-page\/"},"modified":"2026-03-28T13:08:21","modified_gmt":"2026-03-28T15:08:21","slug":"front-page","status":"publish","type":"page","link":"https:\/\/aletra.lt\/en\/","title":{"rendered":"Pagrindinis"},"content":{"rendered":"<p style=\"text-align: left;\">UAB ALETRA \u012fkurta 1995 metais.<\/p>\n<p>Kvalifikuot\u0173 darbuotoj\u0173 komanda, \u012fgyvendinusi ne vien\u0105 \u012fvairaus sud\u0117tingumo kompleksin\u012f pramon\u0117s patalp\u0173 \u0161ildymo, v\u0117dinimo bei v\u0117sinimo projekt\u0105, gali pasi\u016blyti \u012fvairius sprendimus nuo projektin\u0117s u\u017eduoties formavimo iki objekto pridavimo u\u017esakovui.<\/p>\n<p style=\"text-align: left;\">UAB ALETRA yra oficialus \u012fvairi\u0173 Europos gamintoj\u0173 atstovas Lietuvoje, tiekian\u010di\u0173 pramonin\u0119 \u0161ildymo, v\u0117dinimo bei v\u0117sinimo \u012frang\u0105. Mums suteikta i\u0161skirtines teises prekiauti \u012franga Lietuvos respublikoje.<\/p>\n<p>Per ilgalaik\u012f ir produktyv\u0173 UAB ALETRA gyvavimo laikotarp\u012f u\u017emezg\u0117me glaud\u017eius bendradarbiavimo ry\u0161ius su montavimo bei statybos organizacijomis Lietuvoje.<\/p>\n<p><strong>Visada maloniai kvie\u010diame bendradarbiauti montavimo bei statybos organizacijas. Jums suteiksime specialias nuolaidas m\u016bs\u0173 si\u016blomai \u012frangai.<\/strong><\/p>\n","protected":false},"excerpt":{"rendered":"<p>UAB ALETRA \u012fkurta 1995 metais. Kvalifikuot\u0173 darbuotoj\u0173 komanda, \u012fgyvendinusi ne vien\u0105 \u012fvairaus sud\u0117tingumo kompleksin\u012f pramon\u0117s patalp\u0173 \u0161ildymo, v\u0117dinimo bei v\u0117sinimo projekt\u0105, gali pasi\u016blyti \u012fvairius sprendimus nuo projektin\u0117s u\u017eduoties formavimo iki objekto pridavimo u\u017esakovui. UAB ALETRA yra oficialus \u012fvairi\u0173 Europos gamintoj\u0173 atstovas Lietuvoje, tiekian\u010di\u0173 pramonin\u0119 \u0161ildymo, v\u0117dinimo bei v\u0117sinimo \u012frang\u0105. Mums suteikta i\u0161skirtines teises prekiauti \u012franga [&hellip;]<\/p>\n","protected":false},"author":1,"featured_media":0,"parent":0,"menu_order":0,"comment_status":"closed","ping_status":"closed","template":"front-page.php","meta":{"footnotes":""},"class_list":["post-5","page","type-page","status-publish","hentry"],"yoast_head":"<!-- This site is optimized with the Yoast SEO plugin v27.2 - https:\/\/yoast.com\/product\/yoast-seo-wordpress\/ -->\n<title>\u0160ildymo bei v\u0117dimo \u012franga \/ montavimas \/ prie\u017ei\u016bra<\/title>\n<meta name=\"description\" content=\"UAB ALETRA - teikia \u0161ildymo, v\u0117dinimo ir v\u0117sinimo \u012frang\u0105 pramonei bei buitiniams vartotojams. Atliekame \u012frangos montavim\u0105 ir prie\u017ei\u016br\u0105.\" \/>\n<meta name=\"robots\" content=\"index, follow, max-snippet:-1, max-image-preview:large, max-video-preview:-1\" \/>\n<link rel=\"canonical\" href=\"https:\/\/aletra.lt\" \/>\n<meta property=\"og:locale\" content=\"en_US\" \/>\n<meta property=\"og:type\" content=\"article\" \/>\n<meta property=\"og:title\" content=\"\u0160ildymo bei v\u0117dimo \u012franga \/ montavimas \/ prie\u017ei\u016bra\" \/>\n<meta property=\"og:description\" content=\"UAB ALETRA - teikia \u0161ildymo, v\u0117dinimo ir v\u0117sinimo \u012frang\u0105 pramonei bei buitiniams vartotojams. Atliekame \u012frangos montavim\u0105 ir prie\u017ei\u016br\u0105.\" \/>\n<meta property=\"og:url\" content=\"https:\/\/aletra.lt\" \/>\n<meta property=\"og:site_name\" content=\"Aletra\" \/>\n<meta property=\"article:publisher\" content=\"https:\/\/www.facebook.com\/aletra.lt\/\" \/>\n<meta property=\"article:modified_time\" content=\"2026-03-28T15:08:21+00:00\" \/>\n<meta name=\"twitter:card\" content=\"summary_large_image\" \/>\n<meta name=\"twitter:label1\" content=\"Est. reading time\" \/>\n\t<meta name=\"twitter:data1\" content=\"1 minute\" \/>\n<script type=\"application\/ld+json\" class=\"yoast-schema-graph\">{\"@context\":\"https:\/\/schema.org\",\"@graph\":[{\"@type\":\"WebPage\",\"@id\":\"https:\/\/aletra.lt\/\",\"url\":\"https:\/\/aletra.lt\",\"name\":\"\u0160ildymo bei v\u0117dimo \u012franga \/ montavimas \/ prie\u017ei\u016bra\",\"isPartOf\":{\"@id\":\"https:\/\/aletra.lt\/#website\"},\"datePublished\":\"2018-07-31T11:37:07+00:00\",\"dateModified\":\"2026-03-28T15:08:21+00:00\",\"description\":\"UAB ALETRA - teikia \u0161ildymo, v\u0117dinimo ir v\u0117sinimo \u012frang\u0105 pramonei bei buitiniams vartotojams. Atliekame \u012frangos montavim\u0105 ir prie\u017ei\u016br\u0105.\",\"breadcrumb\":{\"@id\":\"https:\/\/aletra.lt#breadcrumb\"},\"inLanguage\":\"en-US\",\"potentialAction\":[{\"@type\":\"ReadAction\",\"target\":[\"https:\/\/aletra.lt\"]}]},{\"@type\":\"BreadcrumbList\",\"@id\":\"https:\/\/aletra.lt#breadcrumb\",\"itemListElement\":[{\"@type\":\"ListItem\",\"position\":1,\"name\":\"Pagrindinis\",\"item\":\"https:\/\/aletra.lt\/\"},{\"@type\":\"ListItem\",\"position\":2,\"name\":\"Aletra.lt\"}]},{\"@type\":\"WebSite\",\"@id\":\"https:\/\/aletra.lt\/#website\",\"url\":\"https:\/\/aletra.lt\/\",\"name\":\"Aletra\",\"description\":\"\",\"publisher\":{\"@id\":\"https:\/\/aletra.lt\/#organization\"},\"potentialAction\":[{\"@type\":\"SearchAction\",\"target\":{\"@type\":\"EntryPoint\",\"urlTemplate\":\"https:\/\/aletra.lt\/?s={search_term_string}\"},\"query-input\":{\"@type\":\"PropertyValueSpecification\",\"valueRequired\":true,\"valueName\":\"search_term_string\"}}],\"inLanguage\":\"en-US\"},{\"@type\":\"Organization\",\"@id\":\"https:\/\/aletra.lt\/#organization\",\"name\":\"Aletra\",\"url\":\"https:\/\/aletra.lt\/\",\"logo\":{\"@type\":\"ImageObject\",\"inLanguage\":\"en-US\",\"@id\":\"https:\/\/aletra.lt\/#\/schema\/logo\/image\/\",\"url\":\"https:\/\/aletra.lt\/wp-content\/uploads\/2026\/03\/cropped-aletra-favicon.png\",\"contentUrl\":\"https:\/\/aletra.lt\/wp-content\/uploads\/2026\/03\/cropped-aletra-favicon.png\",\"width\":512,\"height\":512,\"caption\":\"Aletra\"},\"image\":{\"@id\":\"https:\/\/aletra.lt\/#\/schema\/logo\/image\/\"},\"sameAs\":[\"https:\/\/www.facebook.com\/aletra.lt\/\"]}]}<\/script>\n<!-- \/ Yoast SEO plugin. -->","yoast_head_json":{"title":"\u0160ildymo bei v\u0117dimo \u012franga \/ montavimas \/ prie\u017ei\u016bra","description":"UAB ALETRA - teikia \u0161ildymo, v\u0117dinimo ir v\u0117sinimo \u012frang\u0105 pramonei bei buitiniams vartotojams. Atliekame \u012frangos montavim\u0105 ir prie\u017ei\u016br\u0105.","robots":{"index":"index","follow":"follow","max-snippet":"max-snippet:-1","max-image-preview":"max-image-preview:large","max-video-preview":"max-video-preview:-1"},"canonical":"https:\/\/aletra.lt","og_locale":"en_US","og_type":"article","og_title":"\u0160ildymo bei v\u0117dimo \u012franga \/ montavimas \/ prie\u017ei\u016bra","og_description":"UAB ALETRA - teikia \u0161ildymo, v\u0117dinimo ir v\u0117sinimo \u012frang\u0105 pramonei bei buitiniams vartotojams. Atliekame \u012frangos montavim\u0105 ir prie\u017ei\u016br\u0105.","og_url":"https:\/\/aletra.lt","og_site_name":"Aletra","article_publisher":"https:\/\/www.facebook.com\/aletra.lt\/","article_modified_time":"2026-03-28T15:08:21+00:00","twitter_card":"summary_large_image","twitter_misc":{"Est. reading time":"1 minute"},"schema":{"@context":"https:\/\/schema.org","@graph":[{"@type":"WebPage","@id":"https:\/\/aletra.lt\/","url":"https:\/\/aletra.lt","name":"\u0160ildymo bei v\u0117dimo \u012franga \/ montavimas \/ prie\u017ei\u016bra","isPartOf":{"@id":"https:\/\/aletra.lt\/#website"},"datePublished":"2018-07-31T11:37:07+00:00","dateModified":"2026-03-28T15:08:21+00:00","description":"UAB ALETRA - teikia \u0161ildymo, v\u0117dinimo ir v\u0117sinimo \u012frang\u0105 pramonei bei buitiniams vartotojams. Atliekame \u012frangos montavim\u0105 ir prie\u017ei\u016br\u0105.","breadcrumb":{"@id":"https:\/\/aletra.lt#breadcrumb"},"inLanguage":"en-US","potentialAction":[{"@type":"ReadAction","target":["https:\/\/aletra.lt"]}]},{"@type":"BreadcrumbList","@id":"https:\/\/aletra.lt#breadcrumb","itemListElement":[{"@type":"ListItem","position":1,"name":"Pagrindinis","item":"https:\/\/aletra.lt\/"},{"@type":"ListItem","position":2,"name":"Aletra.lt"}]},{"@type":"WebSite","@id":"https:\/\/aletra.lt\/#website","url":"https:\/\/aletra.lt\/","name":"Aletra","description":"","publisher":{"@id":"https:\/\/aletra.lt\/#organization"},"potentialAction":[{"@type":"SearchAction","target":{"@type":"EntryPoint","urlTemplate":"https:\/\/aletra.lt\/?s={search_term_string}"},"query-input":{"@type":"PropertyValueSpecification","valueRequired":true,"valueName":"search_term_string"}}],"inLanguage":"en-US"},{"@type":"Organization","@id":"https:\/\/aletra.lt\/#organization","name":"Aletra","url":"https:\/\/aletra.lt\/","logo":{"@type":"ImageObject","inLanguage":"en-US","@id":"https:\/\/aletra.lt\/#\/schema\/logo\/image\/","url":"https:\/\/aletra.lt\/wp-content\/uploads\/2026\/03\/cropped-aletra-favicon.png","contentUrl":"https:\/\/aletra.lt\/wp-content\/uploads\/2026\/03\/cropped-aletra-favicon.png","width":512,"height":512,"caption":"Aletra"},"image":{"@id":"https:\/\/aletra.lt\/#\/schema\/logo\/image\/"},"sameAs":["https:\/\/www.facebook.com\/aletra.lt\/"]}]}},"_links":{"self":[{"href":"https:\/\/aletra.lt\/en\/wp-json\/wp\/v2\/pages\/5","targetHints":{"allow":["GET"]}}],"collection":[{"href":"https:\/\/aletra.lt\/en\/wp-json\/wp\/v2\/pages"}],"about":[{"href":"https:\/\/aletra.lt\/en\/wp-json\/wp\/v2\/types\/page"}],"author":[{"embeddable":true,"href":"https:\/\/aletra.lt\/en\/wp-json\/wp\/v2\/users\/1"}],"replies":[{"embeddable":true,"href":"https:\/\/aletra.lt\/en\/wp-json\/wp\/v2\/comments?post=5"}],"version-history":[{"count":51,"href":"https:\/\/aletra.lt\/en\/wp-json\/wp\/v2\/pages\/5\/revisions"}],"predecessor-version":[{"id":779,"href":"https:\/\/aletra.lt\/en\/wp-json\/wp\/v2\/pages\/5\/revisions\/779"}],"wp:attachment":[{"href":"https:\/\/aletra.lt\/en\/wp-json\/wp\/v2\/media?parent=5"}],"curies":[{"name":"wp","href":"https:\/\/api.w.org\/{rel}","templated":true}]}}