{"id":66,"date":"2018-08-01T06:30:44","date_gmt":"2018-08-01T08:30:44","guid":{"rendered":"http:\/\/aletra.lt\/?page_id=66"},"modified":"2026-03-28T10:10:27","modified_gmt":"2026-03-28T12:10:27","slug":"apie-mus","status":"publish","type":"page","link":"https:\/\/aletra.lt\/en\/apie-mus\/","title":{"rendered":"About us"},"content":{"rendered":"<p class=\"qtranxs-available-languages-message qtranxs-available-languages-message-en\">Sorry, this entry is only available in <a href=\"https:\/\/aletra.lt\/lt\/wp-json\/wp\/v2\/pages\/66\" class=\"qtranxs-available-language-link qtranxs-available-language-link-lt\" title=\"LT\">LT<\/a>.<\/p>","protected":false},"excerpt":{"rendered":"<p>Sorry, this entry is only available in LT.<\/p>\n","protected":false},"author":1,"featured_media":0,"parent":0,"menu_order":1,"comment_status":"closed","ping_status":"closed","template":"","meta":{"footnotes":""},"class_list":["post-66","page","type-page","status-publish","hentry"],"yoast_head":"<!-- This site is optimized with the Yoast SEO plugin v27.2 - https:\/\/yoast.com\/product\/yoast-seo-wordpress\/ -->\n<title>Apie mus \/ UAB ALETRA<\/title>\n<meta name=\"description\" content=\"\u0160ildymo, v\u0117dinimo ir v\u0117sinimo sprendimai pramon\u0117s bei paslaug\u0173 sektoriui. J\u016bs\u0173 patikimas partneris nuo 1995 met\u0173.\" \/>\n<meta name=\"robots\" content=\"index, follow, max-snippet:-1, max-image-preview:large, max-video-preview:-1\" \/>\n<link rel=\"canonical\" href=\"https:\/\/aletra.lt\/apie-mus\/\" \/>\n<meta property=\"og:locale\" content=\"en_US\" \/>\n<meta property=\"og:type\" content=\"article\" \/>\n<meta property=\"og:title\" content=\"Apie mus \/ UAB ALETRA\" \/>\n<meta property=\"og:description\" content=\"\u0160ildymo, v\u0117dinimo ir v\u0117sinimo sprendimai pramon\u0117s bei paslaug\u0173 sektoriui. J\u016bs\u0173 patikimas partneris nuo 1995 met\u0173.\" \/>\n<meta property=\"og:url\" content=\"https:\/\/aletra.lt\/apie-mus\/\" \/>\n<meta property=\"og:site_name\" content=\"Aletra\" \/>\n<meta property=\"article:publisher\" content=\"https:\/\/www.facebook.com\/aletra.lt\/\" \/>\n<meta property=\"article:modified_time\" content=\"2026-03-28T12:10:27+00:00\" \/>\n<meta property=\"og:image\" content=\"http:\/\/aletra.lt\/wp-content\/uploads\/2019\/12\/SKM_C22719120914420-212x300.jpg\" \/>\n<meta name=\"twitter:card\" content=\"summary_large_image\" \/>\n<meta name=\"twitter:label1\" content=\"Est. reading time\" \/>\n\t<meta name=\"twitter:data1\" content=\"2 minutes\" \/>\n<script type=\"application\/ld+json\" class=\"yoast-schema-graph\">{\"@context\":\"https:\/\/schema.org\",\"@graph\":[{\"@type\":\"WebPage\",\"@id\":\"https:\/\/aletra.lt\/apie-mus\/\",\"url\":\"https:\/\/aletra.lt\/apie-mus\/\",\"name\":\"Apie mus \/ UAB ALETRA\",\"isPartOf\":{\"@id\":\"https:\/\/aletra.lt\/#website\"},\"primaryImageOfPage\":{\"@id\":\"https:\/\/aletra.lt\/apie-mus\/#primaryimage\"},\"image\":{\"@id\":\"https:\/\/aletra.lt\/apie-mus\/#primaryimage\"},\"thumbnailUrl\":\"http:\/\/aletra.lt\/wp-content\/uploads\/2019\/12\/SKM_C22719120914420-212x300.jpg\",\"datePublished\":\"2018-08-01T08:30:44+00:00\",\"dateModified\":\"2026-03-28T12:10:27+00:00\",\"description\":\"\u0160ildymo, v\u0117dinimo ir v\u0117sinimo sprendimai pramon\u0117s bei paslaug\u0173 sektoriui. J\u016bs\u0173 patikimas partneris nuo 1995 met\u0173.\",\"breadcrumb\":{\"@id\":\"https:\/\/aletra.lt\/apie-mus\/#breadcrumb\"},\"inLanguage\":\"en-US\",\"potentialAction\":[{\"@type\":\"ReadAction\",\"target\":[\"https:\/\/aletra.lt\/apie-mus\/\"]}]},{\"@type\":\"ImageObject\",\"inLanguage\":\"en-US\",\"@id\":\"https:\/\/aletra.lt\/apie-mus\/#primaryimage\",\"url\":\"http:\/\/aletra.lt\/wp-content\/uploads\/2019\/12\/SKM_C22719120914420-212x300.jpg\",\"contentUrl\":\"http:\/\/aletra.lt\/wp-content\/uploads\/2019\/12\/SKM_C22719120914420-212x300.jpg\"},{\"@type\":\"BreadcrumbList\",\"@id\":\"https:\/\/aletra.lt\/apie-mus\/#breadcrumb\",\"itemListElement\":[{\"@type\":\"ListItem\",\"position\":1,\"name\":\"Pagrindinis\",\"item\":\"https:\/\/aletra.lt\/\"},{\"@type\":\"ListItem\",\"position\":2,\"name\":\"Apie mus \/ UAB ALETRA\"}]},{\"@type\":\"WebSite\",\"@id\":\"https:\/\/aletra.lt\/#website\",\"url\":\"https:\/\/aletra.lt\/\",\"name\":\"Aletra\",\"description\":\"\",\"publisher\":{\"@id\":\"https:\/\/aletra.lt\/#organization\"},\"potentialAction\":[{\"@type\":\"SearchAction\",\"target\":{\"@type\":\"EntryPoint\",\"urlTemplate\":\"https:\/\/aletra.lt\/?s={search_term_string}\"},\"query-input\":{\"@type\":\"PropertyValueSpecification\",\"valueRequired\":true,\"valueName\":\"search_term_string\"}}],\"inLanguage\":\"en-US\"},{\"@type\":\"Organization\",\"@id\":\"https:\/\/aletra.lt\/#organization\",\"name\":\"Aletra\",\"url\":\"https:\/\/aletra.lt\/\",\"logo\":{\"@type\":\"ImageObject\",\"inLanguage\":\"en-US\",\"@id\":\"https:\/\/aletra.lt\/#\/schema\/logo\/image\/\",\"url\":\"https:\/\/aletra.lt\/wp-content\/uploads\/2026\/03\/cropped-aletra-favicon.png\",\"contentUrl\":\"https:\/\/aletra.lt\/wp-content\/uploads\/2026\/03\/cropped-aletra-favicon.png\",\"width\":512,\"height\":512,\"caption\":\"Aletra\"},\"image\":{\"@id\":\"https:\/\/aletra.lt\/#\/schema\/logo\/image\/\"},\"sameAs\":[\"https:\/\/www.facebook.com\/aletra.lt\/\"]}]}<\/script>\n<!-- \/ Yoast SEO plugin. -->","yoast_head_json":{"title":"Apie mus \/ UAB ALETRA","description":"\u0160ildymo, v\u0117dinimo ir v\u0117sinimo sprendimai pramon\u0117s bei paslaug\u0173 sektoriui. J\u016bs\u0173 patikimas partneris nuo 1995 met\u0173.","robots":{"index":"index","follow":"follow","max-snippet":"max-snippet:-1","max-image-preview":"max-image-preview:large","max-video-preview":"max-video-preview:-1"},"canonical":"https:\/\/aletra.lt\/apie-mus\/","og_locale":"en_US","og_type":"article","og_title":"Apie mus \/ UAB ALETRA","og_description":"\u0160ildymo, v\u0117dinimo ir v\u0117sinimo sprendimai pramon\u0117s bei paslaug\u0173 sektoriui. J\u016bs\u0173 patikimas partneris nuo 1995 met\u0173.","og_url":"https:\/\/aletra.lt\/apie-mus\/","og_site_name":"Aletra","article_publisher":"https:\/\/www.facebook.com\/aletra.lt\/","article_modified_time":"2026-03-28T12:10:27+00:00","og_image":[{"url":"http:\/\/aletra.lt\/wp-content\/uploads\/2019\/12\/SKM_C22719120914420-212x300.jpg","type":"","width":"","height":""}],"twitter_card":"summary_large_image","twitter_misc":{"Est. reading time":"2 minutes"},"schema":{"@context":"https:\/\/schema.org","@graph":[{"@type":"WebPage","@id":"https:\/\/aletra.lt\/apie-mus\/","url":"https:\/\/aletra.lt\/apie-mus\/","name":"Apie mus \/ UAB ALETRA","isPartOf":{"@id":"https:\/\/aletra.lt\/#website"},"primaryImageOfPage":{"@id":"https:\/\/aletra.lt\/apie-mus\/#primaryimage"},"image":{"@id":"https:\/\/aletra.lt\/apie-mus\/#primaryimage"},"thumbnailUrl":"http:\/\/aletra.lt\/wp-content\/uploads\/2019\/12\/SKM_C22719120914420-212x300.jpg","datePublished":"2018-08-01T08:30:44+00:00","dateModified":"2026-03-28T12:10:27+00:00","description":"\u0160ildymo, v\u0117dinimo ir v\u0117sinimo sprendimai pramon\u0117s bei paslaug\u0173 sektoriui. J\u016bs\u0173 patikimas partneris nuo 1995 met\u0173.","breadcrumb":{"@id":"https:\/\/aletra.lt\/apie-mus\/#breadcrumb"},"inLanguage":"en-US","potentialAction":[{"@type":"ReadAction","target":["https:\/\/aletra.lt\/apie-mus\/"]}]},{"@type":"ImageObject","inLanguage":"en-US","@id":"https:\/\/aletra.lt\/apie-mus\/#primaryimage","url":"http:\/\/aletra.lt\/wp-content\/uploads\/2019\/12\/SKM_C22719120914420-212x300.jpg","contentUrl":"http:\/\/aletra.lt\/wp-content\/uploads\/2019\/12\/SKM_C22719120914420-212x300.jpg"},{"@type":"BreadcrumbList","@id":"https:\/\/aletra.lt\/apie-mus\/#breadcrumb","itemListElement":[{"@type":"ListItem","position":1,"name":"Pagrindinis","item":"https:\/\/aletra.lt\/"},{"@type":"ListItem","position":2,"name":"Apie mus \/ UAB ALETRA"}]},{"@type":"WebSite","@id":"https:\/\/aletra.lt\/#website","url":"https:\/\/aletra.lt\/","name":"Aletra","description":"","publisher":{"@id":"https:\/\/aletra.lt\/#organization"},"potentialAction":[{"@type":"SearchAction","target":{"@type":"EntryPoint","urlTemplate":"https:\/\/aletra.lt\/?s={search_term_string}"},"query-input":{"@type":"PropertyValueSpecification","valueRequired":true,"valueName":"search_term_string"}}],"inLanguage":"en-US"},{"@type":"Organization","@id":"https:\/\/aletra.lt\/#organization","name":"Aletra","url":"https:\/\/aletra.lt\/","logo":{"@type":"ImageObject","inLanguage":"en-US","@id":"https:\/\/aletra.lt\/#\/schema\/logo\/image\/","url":"https:\/\/aletra.lt\/wp-content\/uploads\/2026\/03\/cropped-aletra-favicon.png","contentUrl":"https:\/\/aletra.lt\/wp-content\/uploads\/2026\/03\/cropped-aletra-favicon.png","width":512,"height":512,"caption":"Aletra"},"image":{"@id":"https:\/\/aletra.lt\/#\/schema\/logo\/image\/"},"sameAs":["https:\/\/www.facebook.com\/aletra.lt\/"]}]}},"_links":{"self":[{"href":"https:\/\/aletra.lt\/en\/wp-json\/wp\/v2\/pages\/66","targetHints":{"allow":["GET"]}}],"collection":[{"href":"https:\/\/aletra.lt\/en\/wp-json\/wp\/v2\/pages"}],"about":[{"href":"https:\/\/aletra.lt\/en\/wp-json\/wp\/v2\/types\/page"}],"author":[{"embeddable":true,"href":"https:\/\/aletra.lt\/en\/wp-json\/wp\/v2\/users\/1"}],"replies":[{"embeddable":true,"href":"https:\/\/aletra.lt\/en\/wp-json\/wp\/v2\/comments?post=66"}],"version-history":[{"count":17,"href":"https:\/\/aletra.lt\/en\/wp-json\/wp\/v2\/pages\/66\/revisions"}],"predecessor-version":[{"id":666,"href":"https:\/\/aletra.lt\/en\/wp-json\/wp\/v2\/pages\/66\/revisions\/666"}],"wp:attachment":[{"href":"https:\/\/aletra.lt\/en\/wp-json\/wp\/v2\/media?parent=66"}],"curies":[{"name":"wp","href":"https:\/\/api.w.org\/{rel}","templated":true}]}}